{"id":80,"date":"2023-12-27T18:45:03","date_gmt":"2023-12-27T15:45:03","guid":{"rendered":"https:\/\/iso3513c6292459.wordpress.com\/?page_id=80"},"modified":"2024-05-12T14:37:39","modified_gmt":"2024-05-12T14:37:39","slug":"yayinlarimiz","status":"publish","type":"page","link":"https:\/\/mikoder.org\/?page_id=80","title":{"rendered":"Yay\u0131nlar\u0131m\u0131z"},"content":{"rendered":"\n<div class=\"wp-block-columns alignfull is-layout-flex wp-container-core-columns-is-layout-9d6595d7 wp-block-columns-is-layout-flex\">\n<div class=\"wp-block-column is-layout-flow wp-block-column-is-layout-flow\">\n<h5 class=\"wp-block-heading\">Fungal Biyoteknoloji Uygulamalar\u0131 &#8211; <a href=\"https:\/\/fbuproje.org.tr\/\">https:\/\/fbuproje.org.tr\/<\/a><\/h5>\n<\/div>\n<\/div>\n\n\n\n<div class=\"wp-block-cover alignfull\" style=\"min-height:100vh;aspect-ratio:unset;\"><span aria-hidden=\"true\" class=\"wp-block-cover__background has-primary-background-color has-background-dim-0 has-background-dim\"><\/span><img loading=\"lazy\" decoding=\"async\" width=\"1200\" height=\"628\" class=\"wp-block-cover__image-background wp-image-66\" alt=\"\" src=\"https:\/\/iso3513c6292459.files.wordpress.com\/2023\/12\/txlincmf58wty8npzpjmwcvxcetzklkuzl3rmjil.jpg\" data-object-fit=\"cover\" srcset=\"https:\/\/mikoder.org\/wp-content\/uploads\/2023\/12\/txlincmf58wty8npzpjmwcvxcetzklkuzl3rmjil.jpg 1200w, https:\/\/mikoder.org\/wp-content\/uploads\/2023\/12\/txlincmf58wty8npzpjmwcvxcetzklkuzl3rmjil-600x314.jpg 600w, https:\/\/mikoder.org\/wp-content\/uploads\/2023\/12\/txlincmf58wty8npzpjmwcvxcetzklkuzl3rmjil-300x157.jpg 300w, https:\/\/mikoder.org\/wp-content\/uploads\/2023\/12\/txlincmf58wty8npzpjmwcvxcetzklkuzl3rmjil-1024x536.jpg 1024w, https:\/\/mikoder.org\/wp-content\/uploads\/2023\/12\/txlincmf58wty8npzpjmwcvxcetzklkuzl3rmjil-768x402.jpg 768w\" sizes=\"auto, (max-width: 1200px) 100vw, 1200px\" \/><div class=\"wp-block-cover__inner-container is-layout-flow wp-block-cover-is-layout-flow\">\n<p class=\"has-text-align-center has-large-font-size\"><\/p>\n<\/div><\/div>\n","protected":false},"excerpt":{"rendered":"<p>Fungal Biyoteknoloji Uygulamalar\u0131 &#8211; https:\/\/fbuproje.org.tr\/<\/p>\n","protected":false},"author":1,"featured_media":0,"parent":0,"menu_order":0,"comment_status":"closed","ping_status":"open","template":"","meta":{"footnotes":""},"class_list":["post-80","page","type-page","status-publish","hentry"],"_links":{"self":[{"href":"https:\/\/mikoder.org\/index.php?rest_route=\/wp\/v2\/pages\/80","targetHints":{"allow":["GET"]}}],"collection":[{"href":"https:\/\/mikoder.org\/index.php?rest_route=\/wp\/v2\/pages"}],"about":[{"href":"https:\/\/mikoder.org\/index.php?rest_route=\/wp\/v2\/types\/page"}],"author":[{"embeddable":true,"href":"https:\/\/mikoder.org\/index.php?rest_route=\/wp\/v2\/users\/1"}],"replies":[{"embeddable":true,"href":"https:\/\/mikoder.org\/index.php?rest_route=%2Fwp%2Fv2%2Fcomments&post=80"}],"version-history":[{"count":8,"href":"https:\/\/mikoder.org\/index.php?rest_route=\/wp\/v2\/pages\/80\/revisions"}],"predecessor-version":[{"id":475,"href":"https:\/\/mikoder.org\/index.php?rest_route=\/wp\/v2\/pages\/80\/revisions\/475"}],"wp:attachment":[{"href":"https:\/\/mikoder.org\/index.php?rest_route=%2Fwp%2Fv2%2Fmedia&parent=80"}],"curies":[{"name":"wp","href":"https:\/\/api.w.org\/{rel}","templated":true}]}}