{"id":436,"date":"2024-05-12T12:02:27","date_gmt":"2024-05-12T12:02:27","guid":{"rendered":"https:\/\/mikoder.org\/?page_id=436"},"modified":"2024-05-12T12:11:57","modified_gmt":"2024-05-12T12:11:57","slug":"dernek-baskani","status":"publish","type":"page","link":"https:\/\/mikoder.org\/?page_id=436","title":{"rendered":"Dernek Ba\u015fkan\u0131"},"content":{"rendered":"\n<div class=\"wp-block-group\"><div class=\"wp-block-group__inner-container is-layout-constrained wp-block-group-is-layout-constrained\">\n<div class=\"wp-block-media-text is-stacked-on-mobile\" style=\"grid-template-columns:33% auto\"><figure class=\"wp-block-media-text__media\"><img loading=\"lazy\" decoding=\"async\" width=\"177\" height=\"212\" src=\"https:\/\/mikoder.org\/wp-content\/uploads\/2024\/04\/giyas.jpeg\" alt=\"G\u0131yasettin KA\u015eIK\" class=\"wp-image-311 size-full\"\/><\/figure><div class=\"wp-block-media-text__content\">\n<div class=\"wp-block-group is-vertical is-layout-flex wp-container-core-group-is-layout-8cf370e7 wp-block-group-is-layout-flex\">\n<h2 class=\"wp-block-heading\"><span style=\"text-decoration: underline;\">Prof.Dr. G\u0131yasettin KA\u015eIK<\/span><\/h2>\n\n\n\n<hr class=\"wp-block-separator has-alpha-channel-opacity\"\/>\n\n\n\n<h5 class=\"wp-block-heading\">Mikolojik Ara\u015ft\u0131rmalar Dernek Ba\u015fkan\u0131<\/h5>\n\n\n\n<hr class=\"wp-block-separator has-alpha-channel-opacity\"\/>\n\n\n\n<h5 class=\"wp-block-heading\">Sel\u00e7uk \u00dcniversitesi Fen Fak\u00fcltesi \u00d6\u011fretim \u00dcyesi<\/h5>\n\n\n\n<h5 class=\"wp-block-heading\">Sel\u00e7uk \u00dcniversitesi Mantarc\u0131l\u0131k Uyg. ve Ar\u015f. Merkezi M\u00fcd\u00fcr\u00fc<\/h5>\n<\/div>\n<\/div><\/div>\n<\/div><\/div>\n","protected":false},"excerpt":{"rendered":"<p>Prof.Dr. G\u0131yasettin KA\u015eIK Mikolojik Ara\u015ft\u0131rmalar Dernek Ba\u015fkan\u0131 Sel\u00e7uk \u00dcniversitesi Fen Fak\u00fcltesi \u00d6\u011fretim \u00dcyesi Sel\u00e7uk \u00dcniversitesi Mantarc\u0131l\u0131k Uyg. ve Ar\u015f. Merkezi M\u00fcd\u00fcr\u00fc<\/p>\n","protected":false},"author":1,"featured_media":0,"parent":0,"menu_order":0,"comment_status":"closed","ping_status":"open","template":"","meta":{"footnotes":""},"class_list":["post-436","page","type-page","status-publish","hentry"],"_links":{"self":[{"href":"https:\/\/mikoder.org\/index.php?rest_route=\/wp\/v2\/pages\/436","targetHints":{"allow":["GET"]}}],"collection":[{"href":"https:\/\/mikoder.org\/index.php?rest_route=\/wp\/v2\/pages"}],"about":[{"href":"https:\/\/mikoder.org\/index.php?rest_route=\/wp\/v2\/types\/page"}],"author":[{"embeddable":true,"href":"https:\/\/mikoder.org\/index.php?rest_route=\/wp\/v2\/users\/1"}],"replies":[{"embeddable":true,"href":"https:\/\/mikoder.org\/index.php?rest_route=%2Fwp%2Fv2%2Fcomments&post=436"}],"version-history":[{"count":4,"href":"https:\/\/mikoder.org\/index.php?rest_route=\/wp\/v2\/pages\/436\/revisions"}],"predecessor-version":[{"id":451,"href":"https:\/\/mikoder.org\/index.php?rest_route=\/wp\/v2\/pages\/436\/revisions\/451"}],"wp:attachment":[{"href":"https:\/\/mikoder.org\/index.php?rest_route=%2Fwp%2Fv2%2Fmedia&parent=436"}],"curies":[{"name":"wp","href":"https:\/\/api.w.org\/{rel}","templated":true}]}}