{"id":323,"date":"2024-04-27T19:33:00","date_gmt":"2024-04-27T19:33:00","guid":{"rendered":"https:\/\/mikoder.org\/?page_id=323"},"modified":"2024-05-29T04:31:47","modified_gmt":"2024-05-29T04:31:47","slug":"temsilciler","status":"publish","type":"page","link":"https:\/\/mikoder.org\/?page_id=323","title":{"rendered":"Temsilciler"},"content":{"rendered":"\n<figure class=\"wp-block-table is-style-stripes\"><table><tbody><tr><td><strong><mark style=\"background-color:rgba(0, 0, 0, 0)\" class=\"has-inline-color has-foreground-color\">Ad\u0131 Soyad\u0131<\/mark><\/strong><\/td><td><strong><mark style=\"background-color:rgba(0, 0, 0, 0)\" class=\"has-inline-color has-foreground-color\">\u015eehir<\/mark><\/strong><\/td><td><strong><mark style=\"background-color:rgba(0, 0, 0, 0)\" class=\"has-inline-color has-foreground-color\">\u0130leti\u015fim<\/mark><\/strong><\/td><\/tr><tr><td>PROF.DR. EVR\u0130M KAYA<\/td><td>Manisa<\/td><td><a href=\"mailto:evrimmiko@gmail.com\">evrimmiko@gmail.com<\/a><\/td><\/tr><tr><td>PROF.DR. FAT\u0130H KALYONCU<\/td><td>Manisa<\/td><td><a href=\"mailto:fatih.kalyoncu@cbu.edu.tr\">fatih.kalyoncu@cbu.edu.tr<\/a><\/td><\/tr><tr><td>PROF.DR. RAS\u0130ME DEM\u0130REL<\/td><td>Eski\u015fehir<\/td><td><a href=\"mailto:rasime.demirel@gmail.com\">rasime.demirel@gmail.com<\/a><\/td><\/tr><tr><td>PROF.DR. SEMRA \u0130LHAN<\/td><td>Eski\u015fehir<\/td><td><a href=\"mailto:turkbiyoderes@gmail.com\">turkbiyoderes@gmail.com<\/a><\/td><\/tr><tr><td>PROF.DR. D\u0130LEK AZAZ<\/td><td>Bal\u0131kesir<\/td><td>&nbsp;<a href=\"mailto:azaz@balikesir.edu.tr\">azaz@balikesir.edu.tr<\/a><\/td><\/tr><\/tbody><\/table><\/figure>\n","protected":false},"excerpt":{"rendered":"<p>Ad\u0131 Soyad\u0131 \u015eehir \u0130leti\u015fim PROF.DR. EVR\u0130M KAYA Manisa evrimmiko@gmail.com PROF.DR. FAT\u0130H KALYONCU Manisa fatih.kalyoncu@cbu.edu.tr PROF.DR. RAS\u0130ME DEM\u0130REL Eski\u015fehir rasime.demirel@gmail.com PROF.DR. SEMRA \u0130LHAN Eski\u015fehir turkbiyoderes@gmail.com PROF.DR. D\u0130LEK AZAZ Bal\u0131kesir &nbsp;azaz@balikesir.edu.tr<\/p>\n","protected":false},"author":1,"featured_media":0,"parent":0,"menu_order":0,"comment_status":"closed","ping_status":"open","template":"","meta":{"footnotes":""},"class_list":["post-323","page","type-page","status-publish","hentry"],"_links":{"self":[{"href":"https:\/\/mikoder.org\/index.php?rest_route=\/wp\/v2\/pages\/323","targetHints":{"allow":["GET"]}}],"collection":[{"href":"https:\/\/mikoder.org\/index.php?rest_route=\/wp\/v2\/pages"}],"about":[{"href":"https:\/\/mikoder.org\/index.php?rest_route=\/wp\/v2\/types\/page"}],"author":[{"embeddable":true,"href":"https:\/\/mikoder.org\/index.php?rest_route=\/wp\/v2\/users\/1"}],"replies":[{"embeddable":true,"href":"https:\/\/mikoder.org\/index.php?rest_route=%2Fwp%2Fv2%2Fcomments&post=323"}],"version-history":[{"count":6,"href":"https:\/\/mikoder.org\/index.php?rest_route=\/wp\/v2\/pages\/323\/revisions"}],"predecessor-version":[{"id":520,"href":"https:\/\/mikoder.org\/index.php?rest_route=\/wp\/v2\/pages\/323\/revisions\/520"}],"wp:attachment":[{"href":"https:\/\/mikoder.org\/index.php?rest_route=%2Fwp%2Fv2%2Fmedia&parent=323"}],"curies":[{"name":"wp","href":"https:\/\/api.w.org\/{rel}","templated":true}]}}