{"id":240,"date":"2023-12-26T22:39:15","date_gmt":"2023-12-26T19:39:15","guid":{"rendered":"https:\/\/iso3513c6292459.wordpress.com\/?page_id=26"},"modified":"2024-05-03T22:31:47","modified_gmt":"2024-05-03T22:31:47","slug":"banka-hesap-numaralari","status":"publish","type":"page","link":"https:\/\/mikoder.org\/?page_id=240","title":{"rendered":"Banka Hesap Numaralar\u0131"},"content":{"rendered":"\n<h3 class=\"wp-block-heading\">Ba\u011f\u0131\u015f Y\u00f6ntemleri<\/h3>\n\n\n\n<h3 class=\"wp-block-heading\">Banka Yolu \u0130le Ba\u011f\u0131\u015f<\/h3>\n\n\n\n<p><strong>Havale ve EFT yoluyla ba\u011f\u0131\u015f yapmak i\u00e7in hesap numaralar\u0131m\u0131z;<\/strong>.<\/p>\n\n\n\n<figure class=\"wp-block-table\"><table><tbody><tr><td colspan=\"2\"><strong>\u0130\u015e BANKASI HESAP NUMARALARI<\/strong><\/td><\/tr><tr><td><strong>\u015eUBE ADI<\/strong><\/td><td>Kurumsal \u015eube<\/td><\/tr><tr><td><strong>\u015eUBE KODU<\/strong><\/td><td>****<\/td><\/tr><tr><td><strong>SWIFT<\/strong><\/td><td>********<\/td><\/tr><tr><td><strong>HESAP ADI<\/strong><\/td><td>Mikolojik Ara\u015ft\u0131rmalar Derne\u011fi<\/td><\/tr><tr><td><strong>TL HESAP NO<\/strong><\/td><td>****-****-****<\/td><\/tr><tr><td><strong>TL IBAN NO<\/strong><\/td><td>TR 05 0006 4000 0014 5150 3656 07<\/td><\/tr><tr><td><strong>USD HESAP NO<\/strong><\/td><td>****-****-****&nbsp;<\/td><\/tr><tr><td><strong>USD IBAN NO<\/strong><\/td><td>TR **** **** **** **** **** ****&nbsp;&nbsp;<\/td><\/tr><tr><td><strong>EURO HESAP NO<\/strong><\/td><td>****-****-****&nbsp;<\/td><\/tr><tr><td><strong>EURO IBAN NO<\/strong><\/td><td>TR **** **** **** **** **** ****&nbsp;&nbsp;<\/td><\/tr><tr><td><strong>GBP HESAP NO<\/strong><\/td><td>********-****&nbsp;<\/td><\/tr><tr><td><strong>GBP IBAN NO<\/strong><\/td><td>TR **** **** **** **** **** ****&nbsp;<\/td><\/tr><\/tbody><\/table><\/figure>\n\n\n\n<p><\/p>\n","protected":false},"excerpt":{"rendered":"<p>Ba\u011f\u0131\u015f Y\u00f6ntemleri Banka Yolu \u0130le Ba\u011f\u0131\u015f Havale ve EFT yoluyla ba\u011f\u0131\u015f yapmak i\u00e7in hesap numaralar\u0131m\u0131z;. \u0130\u015e BANKASI HESAP NUMARALARI \u015eUBE ADI Kurumsal \u015eube \u015eUBE KODU **** SWIFT ******** HESAP ADI Mikolojik Ara\u015ft\u0131rmalar Derne\u011fi TL HESAP NO ****-****-**** TL IBAN NO TR 05 0006 4000 0014 5150 3656 07 USD HESAP NO ****-****-****&nbsp; USD IBAN NO [&hellip;]<\/p>\n","protected":false},"author":1,"featured_media":0,"parent":0,"menu_order":0,"comment_status":"closed","ping_status":"open","template":"","meta":{"footnotes":""},"class_list":["post-240","page","type-page","status-publish","hentry"],"_links":{"self":[{"href":"https:\/\/mikoder.org\/index.php?rest_route=\/wp\/v2\/pages\/240","targetHints":{"allow":["GET"]}}],"collection":[{"href":"https:\/\/mikoder.org\/index.php?rest_route=\/wp\/v2\/pages"}],"about":[{"href":"https:\/\/mikoder.org\/index.php?rest_route=\/wp\/v2\/types\/page"}],"author":[{"embeddable":true,"href":"https:\/\/mikoder.org\/index.php?rest_route=\/wp\/v2\/users\/1"}],"replies":[{"embeddable":true,"href":"https:\/\/mikoder.org\/index.php?rest_route=%2Fwp%2Fv2%2Fcomments&post=240"}],"version-history":[{"count":3,"href":"https:\/\/mikoder.org\/index.php?rest_route=\/wp\/v2\/pages\/240\/revisions"}],"predecessor-version":[{"id":404,"href":"https:\/\/mikoder.org\/index.php?rest_route=\/wp\/v2\/pages\/240\/revisions\/404"}],"wp:attachment":[{"href":"https:\/\/mikoder.org\/index.php?rest_route=%2Fwp%2Fv2%2Fmedia&parent=240"}],"curies":[{"name":"wp","href":"https:\/\/api.w.org\/{rel}","templated":true}]}}